{"id":11,"date":"2024-09-22T16:05:12","date_gmt":"2024-09-22T16:05:12","guid":{"rendered":"https:\/\/palevioletred-gazelle-133785.hostingersite.com\/?page_id=9"},"modified":"2025-10-06T14:52:52","modified_gmt":"2025-10-06T17:52:52","slug":"home","status":"publish","type":"page","link":"http:\/\/plasticobolhapromax.com.br\/","title":{"rendered":"Home"},"content":{"rendered":"\t\t<div data-elementor-type=\"wp-page\" data-elementor-id=\"11\" class=\"elementor elementor-11\" data-elementor-post-type=\"page\">\n\t\t\t\t<div class=\"elementor-element elementor-element-012df2b animated-slow e-flex e-con-boxed elementor-invisible e-con e-parent\" data-id=\"012df2b\" data-element_type=\"container\" data-e-type=\"container\" data-settings=\"{&quot;background_background&quot;:&quot;classic&quot;,&quot;animation&quot;:&quot;fadeIn&quot;}\">\n\t\t\t\t\t<div class=\"e-con-inner\">\n\t\t<div class=\"elementor-element elementor-element-9439d1f e-flex e-con-boxed e-con e-child\" data-id=\"9439d1f\" data-element_type=\"container\" data-e-type=\"container\">\n\t\t\t\t\t<div class=\"e-con-inner\">\n\t\t\t\t<div class=\"elementor-element elementor-element-d67476f elementor-widget__width-initial elementor-invisible elementor-widget elementor-widget-heading\" data-id=\"d67476f\" data-element_type=\"widget\" data-e-type=\"widget\" data-settings=\"{&quot;_animation&quot;:&quot;fadeIn&quot;,&quot;motion_fx_motion_fx_mouse&quot;:&quot;yes&quot;,&quot;motion_fx_tilt_effect&quot;:&quot;yes&quot;,&quot;motion_fx_tilt_direction&quot;:&quot;negative&quot;,&quot;motion_fx_tilt_speed&quot;:{&quot;unit&quot;:&quot;px&quot;,&quot;size&quot;:6.2999999999999998,&quot;sizes&quot;:[]}}\" data-widget_type=\"heading.default\">\n\t\t\t\t<div class=\"elementor-widget-container\">\n\t\t\t\t\t<h5 class=\"elementor-heading-title elementor-size-default\">Pl\u00e1stico Bolha Pro Max<\/h5>\t\t\t\t<\/div>\n\t\t\t\t<\/div>\n\t\t\t\t\t<\/div>\n\t\t\t\t<\/div>\n\t\t<div class=\"elementor-element elementor-element-cb3fe0b e-flex e-con-boxed e-con e-child\" data-id=\"cb3fe0b\" data-element_type=\"container\" data-e-type=\"container\" data-settings=\"{&quot;background_background&quot;:&quot;classic&quot;}\">\n\t\t\t\t\t<div class=\"e-con-inner\">\n\t\t\t\t<div class=\"elementor-element elementor-element-c7e7037 animated-slow elementor-invisible elementor-widget elementor-widget-text-editor\" data-id=\"c7e7037\" data-element_type=\"widget\" data-e-type=\"widget\" data-settings=\"{&quot;_animation&quot;:&quot;fadeIn&quot;,&quot;_animation_delay&quot;:11}\" data-widget_type=\"text-editor.default\">\n\t\t\t\t<div class=\"elementor-widget-container\">\n\t\t\t\t\t\t\t\t\t<p>Proteja o que \u00e9 valioso com a <strong>Pl\u00e1stico Bolha Pro Max<\/strong>! Somos especialistas na fabrica\u00e7\u00e3o e distribui\u00e7\u00e3o de produtos de seguran\u00e7a, como envelopes bolha e bobinas de pl\u00e1stico bolha. Nossos materiais s\u00e3o desenvolvidos com alta qualidade para garantir m\u00e1xima prote\u00e7\u00e3o em suas embalagens, oferecendo seguran\u00e7a e tranquilidade em cada envio. Confie na <strong>Pl\u00e1stico Bolha Pro Max<\/strong> para manter seus produtos seguros, desde o armazenamento at\u00e9 a entrega final.<\/p>\t\t\t\t\t\t\t\t<\/div>\n\t\t\t\t<\/div>\n\t\t\t\t\t<\/div>\n\t\t\t\t<\/div>\n\t\t\t\t\t<\/div>\n\t\t\t\t<\/div>\n\t\t<div class=\"elementor-element elementor-element-6a8c953 e-flex e-con-boxed e-con e-parent\" data-id=\"6a8c953\" data-element_type=\"container\" data-e-type=\"container\" data-settings=\"{&quot;background_background&quot;:&quot;classic&quot;}\">\n\t\t\t\t\t<div class=\"e-con-inner\">\n\t\t<div class=\"elementor-element elementor-element-480f26b e-con-full e-flex e-con e-child\" data-id=\"480f26b\" data-element_type=\"container\" data-e-type=\"container\">\n\t\t\t\t<div class=\"elementor-element elementor-element-6a2ba89 elementor-widget elementor-widget-text-editor\" data-id=\"6a2ba89\" data-element_type=\"widget\" data-e-type=\"widget\" data-widget_type=\"text-editor.default\">\n\t\t\t\t<div class=\"elementor-widget-container\">\n\t\t\t\t\t\t\t\t\t<p>Na Pl\u00e1stico Bolha Pro Max, a qualidade \u00e9 a nossa prioridade. Utilizamos mat\u00e9rias-primas de excel\u00eancia e tecnologia avan\u00e7ada para garantir que nossos produtos atendam aos mais altos padr\u00f5es de prote\u00e7\u00e3o. Cada envelope bolha e bobina de pl\u00e1stico bolha que produzimos passa por rigorosos controles de qualidade, assegurando que voc\u00ea receba apenas o melhor.<\/p>\t\t\t\t\t\t\t\t<\/div>\n\t\t\t\t<\/div>\n\t\t\t\t<\/div>\n\t\t<div class=\"elementor-element elementor-element-be1e6b3 e-con-full e-flex e-con e-child\" data-id=\"be1e6b3\" data-element_type=\"container\" data-e-type=\"container\">\n\t\t\t\t<div class=\"elementor-element elementor-element-7bddc91 elementor-widget elementor-widget-text-editor\" data-id=\"7bddc91\" data-element_type=\"widget\" data-e-type=\"widget\" data-widget_type=\"text-editor.default\">\n\t\t\t\t<div class=\"elementor-widget-container\">\n\t\t\t\t\t\t\t\t\t<p>Al\u00e9m disso, nosso compromisso com a pontualidade na entrega \u00e9 inabal\u00e1vel. Entendemos que a rapidez e a efici\u00eancia s\u00e3o essenciais para o sucesso do seu neg\u00f3cio, por isso nos dedicamos a despachar seus pedidos com agilidade e precis\u00e3o. Com a Pl\u00e1stico Bolha ProMax, voc\u00ea pode confiar que seus produtos estar\u00e3o em m\u00e3os seguras e no tempo certo.<\/p>\t\t\t\t\t\t\t\t<\/div>\n\t\t\t\t<\/div>\n\t\t\t\t<\/div>\n\t\t\t\t\t<\/div>\n\t\t\t\t<\/div>\n\t\t<div class=\"elementor-element elementor-element-9e63308 e-flex e-con-boxed e-con e-parent\" data-id=\"9e63308\" data-element_type=\"container\" data-e-type=\"container\">\n\t\t\t\t\t<div class=\"e-con-inner\">\n\t\t\t\t<div class=\"elementor-element elementor-element-12fbcfd elementor-absolute elementor-widget elementor-widget-html\" data-id=\"12fbcfd\" data-element_type=\"widget\" data-e-type=\"widget\" data-settings=\"{&quot;_position&quot;:&quot;absolute&quot;}\" data-widget_type=\"html.default\">\n\t\t\t\t<div class=\"elementor-widget-container\">\n\t\t\t\t\t<a href=\"https:\/\/api.whatsapp.com\/send?phone=5511994809530&text=Ol\u00e1, tenho d\u00favida sobre os produtos da Pro Max\"\n    target=\"_blank\"\n    style=\"position:fixed;bottom:100px;right:30px;\">\n    <svg enable-background=\"new 0 0 512 512\" width=\"50\" height=\"50\" version=\"1.1\" viewBox=\"0 0 512 512\" xml:space=\"preserve\" xmlns=\"http:\/\/www.w3.org\/2000\/svg\"><path d=\"M256.064,0h-0.128l0,0C114.784,0,0,114.816,0,256c0,56,18.048,107.904,48.736,150.048l-31.904,95.104  l98.4-31.456C155.712,496.512,204,512,256.064,512C397.216,512,512,397.152,512,256S397.216,0,256.064,0z\" fill=\"#4CAF50\"\/><path d=\"m405.02 361.5c-6.176 17.44-30.688 31.904-50.24 36.128-13.376 2.848-30.848 5.12-89.664-19.264-75.232-31.168-123.68-107.62-127.46-112.58-3.616-4.96-30.4-40.48-30.4-77.216s18.656-54.624 26.176-62.304c6.176-6.304 16.384-9.184 26.176-9.184 3.168 0 6.016 0.16 8.576 0.288 7.52 0.32 11.296 0.768 16.256 12.64 6.176 14.88 21.216 51.616 23.008 55.392 1.824 3.776 3.648 8.896 1.088 13.856-2.4 5.12-4.512 7.392-8.288 11.744s-7.36 7.68-11.136 12.352c-3.456 4.064-7.36 8.416-3.008 15.936 4.352 7.36 19.392 31.904 41.536 51.616 28.576 25.44 51.744 33.568 60.032 37.024 6.176 2.56 13.536 1.952 18.048-2.848 5.728-6.176 12.8-16.416 20-26.496 5.12-7.232 11.584-8.128 18.368-5.568 6.912 2.4 43.488 20.48 51.008 24.224 7.52 3.776 12.48 5.568 14.304 8.736 1.792 3.168 1.792 18.048-4.384 35.52z\" fill=\"#FAFAFA\"\/><\/svg>\n<\/a>\t\t\t\t<\/div>\n\t\t\t\t<\/div>\n\t\t\t\t\t<\/div>\n\t\t\t\t<\/div>\n\t\t<div class=\"elementor-element elementor-element-b136d1f e-con-full e-flex e-con e-parent\" data-id=\"b136d1f\" data-element_type=\"container\" data-e-type=\"container\">\n\t\t\t\t<div class=\"elementor-element elementor-element-f25f59b elementor-arrows-position-inside elementor-pagination-position-outside elementor-widget elementor-widget-image-carousel\" data-id=\"f25f59b\" data-element_type=\"widget\" data-e-type=\"widget\" data-settings=\"{&quot;navigation&quot;:&quot;both&quot;,&quot;autoplay&quot;:&quot;yes&quot;,&quot;pause_on_hover&quot;:&quot;yes&quot;,&quot;pause_on_interaction&quot;:&quot;yes&quot;,&quot;autoplay_speed&quot;:5000,&quot;infinite&quot;:&quot;yes&quot;,&quot;speed&quot;:500}\" data-widget_type=\"image-carousel.default\">\n\t\t\t\t<div class=\"elementor-widget-container\">\n\t\t\t\t\t\t\t<div class=\"elementor-image-carousel-wrapper swiper\" role=\"region\" aria-roledescription=\"carousel\" aria-label=\"Image Carousel\" dir=\"ltr\">\n\t\t\t<div class=\"elementor-image-carousel swiper-wrapper\" aria-live=\"off\">\n\t\t\t\t\t\t\t\t<div class=\"swiper-slide\" role=\"group\" aria-roledescription=\"slide\" aria-label=\"1 of 6\"><figure class=\"swiper-slide-inner\"><img decoding=\"async\" class=\"swiper-slide-image\" src=\"http:\/\/plasticobolhapromax.com.br\/wp-content\/uploads\/2024\/10\/ISOMANTA-768x432.jpg\" alt=\"ISOMANTA\" \/><\/figure><\/div><div class=\"swiper-slide\" role=\"group\" aria-roledescription=\"slide\" aria-label=\"2 of 6\"><figure class=\"swiper-slide-inner\"><img decoding=\"async\" class=\"swiper-slide-image\" src=\"http:\/\/plasticobolhapromax.com.br\/wp-content\/uploads\/2024\/09\/filme-vermelho-768x432.jpg\" alt=\"filme-vermelho\" \/><\/figure><\/div><div class=\"swiper-slide\" role=\"group\" aria-roledescription=\"slide\" aria-label=\"3 of 6\"><figure class=\"swiper-slide-inner\"><img decoding=\"async\" class=\"swiper-slide-image\" src=\"http:\/\/plasticobolhapromax.com.br\/wp-content\/uploads\/2024\/09\/fitas-768x432.jpg\" alt=\"fitas\" \/><\/figure><\/div><div class=\"swiper-slide\" role=\"group\" aria-roledescription=\"slide\" aria-label=\"4 of 6\"><figure class=\"swiper-slide-inner\"><img decoding=\"async\" class=\"swiper-slide-image\" src=\"http:\/\/plasticobolhapromax.com.br\/wp-content\/uploads\/2024\/09\/papel-kraft-768x432.jpg\" alt=\"papel-kraft\" \/><\/figure><\/div><div class=\"swiper-slide\" role=\"group\" aria-roledescription=\"slide\" aria-label=\"5 of 6\"><figure class=\"swiper-slide-inner\"><img decoding=\"async\" class=\"swiper-slide-image\" src=\"http:\/\/plasticobolhapromax.com.br\/wp-content\/uploads\/2024\/09\/stretch-preto-768x432.jpg\" alt=\"stretch-preto\" \/><\/figure><\/div><div class=\"swiper-slide\" role=\"group\" aria-roledescription=\"slide\" aria-label=\"6 of 6\"><figure class=\"swiper-slide-inner\"><img decoding=\"async\" class=\"swiper-slide-image\" src=\"http:\/\/plasticobolhapromax.com.br\/wp-content\/uploads\/2024\/09\/PLASTICOBOLHA-768x432.jpg\" alt=\"PLASTICOBOLHA\" \/><\/figure><\/div>\t\t\t<\/div>\n\t\t\t\t\t\t\t\t\t\t\t\t<div class=\"elementor-swiper-button elementor-swiper-button-prev\" role=\"button\" tabindex=\"0\">\n\t\t\t\t\t\t<svg aria-hidden=\"true\" class=\"e-font-icon-svg e-eicon-chevron-left\" viewBox=\"0 0 1000 1000\" xmlns=\"http:\/\/www.w3.org\/2000\/svg\"><path d=\"M646 125C629 125 613 133 604 142L308 442C296 454 292 471 292 487 292 504 296 521 308 533L604 854C617 867 629 875 646 875 663 875 679 871 692 858 704 846 713 829 713 812 713 796 708 779 692 767L438 487 692 225C700 217 708 204 708 187 708 171 704 154 692 142 675 129 663 125 646 125Z\"><\/path><\/svg>\t\t\t\t\t<\/div>\n\t\t\t\t\t<div class=\"elementor-swiper-button elementor-swiper-button-next\" role=\"button\" tabindex=\"0\">\n\t\t\t\t\t\t<svg aria-hidden=\"true\" class=\"e-font-icon-svg e-eicon-chevron-right\" viewBox=\"0 0 1000 1000\" xmlns=\"http:\/\/www.w3.org\/2000\/svg\"><path d=\"M696 533C708 521 713 504 713 487 713 471 708 454 696 446L400 146C388 133 375 125 354 125 338 125 325 129 313 142 300 154 292 171 292 187 292 204 296 221 308 233L563 492 304 771C292 783 288 800 288 817 288 833 296 850 308 863 321 871 338 875 354 875 371 875 388 867 400 854L696 533Z\"><\/path><\/svg>\t\t\t\t\t<\/div>\n\t\t\t\t\n\t\t\t\t\t\t\t\t\t<div class=\"swiper-pagination\"><\/div>\n\t\t\t\t\t\t\t\t\t<\/div>\n\t\t\t\t\t\t<\/div>\n\t\t\t\t<\/div>\n\t\t\t\t<\/div>\n\t\t\t\t<\/div>\n\t\t","protected":false},"excerpt":{"rendered":"<p>Pl\u00e1stico Bolha Pro Max Proteja o que \u00e9 valioso com a Pl\u00e1stico Bolha Pro Max! Somos especialistas na fabrica\u00e7\u00e3o e distribui\u00e7\u00e3o de produtos de seguran\u00e7a, como envelopes bolha e bobinas de pl\u00e1stico bolha. Nossos materiais s\u00e3o desenvolvidos com alta qualidade para garantir m\u00e1xima prote\u00e7\u00e3o em suas embalagens, oferecendo seguran\u00e7a e tranquilidade em cada envio. Confie [&hellip;]<\/p>\n","protected":false},"author":1,"featured_media":0,"parent":0,"menu_order":0,"comment_status":"closed","ping_status":"closed","template":"elementor_header_footer","meta":{"footnotes":""},"class_list":["post-11","page","type-page","status-publish","hentry"],"_links":{"self":[{"href":"http:\/\/plasticobolhapromax.com.br\/index.php?rest_route=\/wp\/v2\/pages\/11","targetHints":{"allow":["GET"]}}],"collection":[{"href":"http:\/\/plasticobolhapromax.com.br\/index.php?rest_route=\/wp\/v2\/pages"}],"about":[{"href":"http:\/\/plasticobolhapromax.com.br\/index.php?rest_route=\/wp\/v2\/types\/page"}],"author":[{"embeddable":true,"href":"http:\/\/plasticobolhapromax.com.br\/index.php?rest_route=\/wp\/v2\/users\/1"}],"replies":[{"embeddable":true,"href":"http:\/\/plasticobolhapromax.com.br\/index.php?rest_route=%2Fwp%2Fv2%2Fcomments&post=11"}],"version-history":[{"count":210,"href":"http:\/\/plasticobolhapromax.com.br\/index.php?rest_route=\/wp\/v2\/pages\/11\/revisions"}],"predecessor-version":[{"id":754,"href":"http:\/\/plasticobolhapromax.com.br\/index.php?rest_route=\/wp\/v2\/pages\/11\/revisions\/754"}],"wp:attachment":[{"href":"http:\/\/plasticobolhapromax.com.br\/index.php?rest_route=%2Fwp%2Fv2%2Fmedia&parent=11"}],"curies":[{"name":"wp","href":"https:\/\/api.w.org\/{rel}","templated":true}]}}