{"id":207,"date":"2024-09-22T16:05:43","date_gmt":"2024-09-22T16:05:43","guid":{"rendered":"https:\/\/palevioletred-gazelle-133785.hostingersite.com\/?page_id=11"},"modified":"2024-09-28T10:25:11","modified_gmt":"2024-09-28T13:25:11","slug":"sobre-nos","status":"publish","type":"page","link":"http:\/\/plasticobolhapromax.com.br\/?page_id=207","title":{"rendered":"Sobre N\u00f3s"},"content":{"rendered":"\t\t<div data-elementor-type=\"wp-page\" data-elementor-id=\"207\" class=\"elementor elementor-207\" data-elementor-post-type=\"page\">\n\t\t\t\t<div class=\"elementor-element elementor-element-1579042 animated-slow e-flex e-con-boxed elementor-invisible e-con e-parent\" data-id=\"1579042\" data-element_type=\"container\" data-e-type=\"container\" data-settings=\"{&quot;background_background&quot;:&quot;classic&quot;,&quot;shape_divider_bottom&quot;:&quot;mountains&quot;,&quot;animation&quot;:&quot;fadeIn&quot;}\">\n\t\t\t\t\t<div class=\"e-con-inner\">\n\t\t\t\t<div class=\"elementor-shape elementor-shape-bottom\" aria-hidden=\"true\" data-negative=\"false\">\n\t\t\t<svg xmlns=\"http:\/\/www.w3.org\/2000\/svg\" viewBox=\"0 0 1000 100\" preserveAspectRatio=\"none\">\n\t<path class=\"elementor-shape-fill\" opacity=\"0.33\" d=\"M473,67.3c-203.9,88.3-263.1-34-320.3,0C66,119.1,0,59.7,0,59.7V0h1000v59.7 c0,0-62.1,26.1-94.9,29.3c-32.8,3.3-62.8-12.3-75.8-22.1C806,49.6,745.3,8.7,694.9,4.7S492.4,59,473,67.3z\"\/>\n\t<path class=\"elementor-shape-fill\" opacity=\"0.66\" d=\"M734,67.3c-45.5,0-77.2-23.2-129.1-39.1c-28.6-8.7-150.3-10.1-254,39.1 s-91.7-34.4-149.2,0C115.7,118.3,0,39.8,0,39.8V0h1000v36.5c0,0-28.2-18.5-92.1-18.5C810.2,18.1,775.7,67.3,734,67.3z\"\/>\n\t<path class=\"elementor-shape-fill\" d=\"M766.1,28.9c-200-57.5-266,65.5-395.1,19.5C242,1.8,242,5.4,184.8,20.6C128,35.8,132.3,44.9,89.9,52.5C28.6,63.7,0,0,0,0 h1000c0,0-9.9,40.9-83.6,48.1S829.6,47,766.1,28.9z\"\/>\n<\/svg>\t\t<\/div>\n\t\t\t\t<div class=\"elementor-element elementor-element-17ef73e elementor-widget__width-inherit elementor-invisible elementor-widget elementor-widget-heading\" data-id=\"17ef73e\" data-element_type=\"widget\" data-e-type=\"widget\" data-settings=\"{&quot;_animation&quot;:&quot;fadeInUp&quot;}\" data-widget_type=\"heading.default\">\n\t\t\t\t<div class=\"elementor-widget-container\">\n\t\t\t\t\t<h2 class=\"elementor-heading-title elementor-size-default\">Sobre N\u00f3s<\/h2>\t\t\t\t<\/div>\n\t\t\t\t<\/div>\n\t\t\t\t\t<\/div>\n\t\t\t\t<\/div>\n\t\t<div class=\"elementor-element elementor-element-0185700 e-flex e-con-boxed e-con e-parent\" data-id=\"0185700\" data-element_type=\"container\" data-e-type=\"container\">\n\t\t\t\t\t<div class=\"e-con-inner\">\n\t\t\t\t<div class=\"elementor-element elementor-element-318022d elementor-widget elementor-widget-text-editor\" data-id=\"318022d\" data-element_type=\"widget\" data-e-type=\"widget\" data-widget_type=\"text-editor.default\">\n\t\t\t\t<div class=\"elementor-widget-container\">\n\t\t\t\t\t\t\t\t\t<p><strong>Pl\u00e1stico Bolha Pro Max<\/strong><\/p><p>A Pl\u00e1stico Bolha Pro Max \u00e9 uma refer\u00eancia no mercado de materiais de embalagem, especializada na fabrica\u00e7\u00e3o e distribui\u00e7\u00e3o de produtos de alta qualidade, como envelopes de seguran\u00e7a e bobinas de pl\u00e1stico bolha. Desde o in\u00edcio, nos dedicamos a garantir que cada produto entregue por nossos clientes chegue ao destino final com a m\u00e1xima prote\u00e7\u00e3o. Nosso compromisso com a excel\u00eancia nos impulsiona a inovar constantemente, trazendo solu\u00e7\u00f5es eficientes e adaptadas \u00e0s necessidades de cada cliente.<\/p><p>Com uma produ\u00e7\u00e3o baseada em rigorosos padr\u00f5es de qualidade, utilizamos mat\u00e9rias-primas de primeira linha e tecnologia de ponta em cada fase do processo. Dessa forma, nossos produtos s\u00e3o reconhecidos por sua durabilidade e efici\u00eancia, atendendo \u00e0s demandas de ind\u00fastrias de diversos segmentos que buscam seguran\u00e7a e confiabilidade em suas opera\u00e7\u00f5es log\u00edsticas.<\/p><p>N\u00f3s acreditamos que o sucesso do cliente est\u00e1 diretamente ligado \u00e0 nossa capacidade de oferecer solu\u00e7\u00f5es pr\u00e1ticas e seguras. Por isso, mantemos uma rela\u00e7\u00e3o pr\u00f3xima e transparente com nossos parceiros, desenvolvendo solu\u00e7\u00f5es personalizadas que agregam valor ao seu neg\u00f3cio. Nosso time \u00e9 composto por especialistas capacitados que n\u00e3o medem esfor\u00e7os para garantir a satisfa\u00e7\u00e3o plena em todas as etapas do processo, do primeiro contato \u00e0 entrega do produto.<\/p>\t\t\t\t\t\t\t\t<\/div>\n\t\t\t\t<\/div>\n\t\t\t\t\t<\/div>\n\t\t\t\t<\/div>\n\t\t<div class=\"elementor-element elementor-element-1f87aa5 e-flex e-con-boxed e-con e-parent\" data-id=\"1f87aa5\" data-element_type=\"container\" data-e-type=\"container\">\n\t\t\t\t\t<div class=\"e-con-inner\">\n\t\t<div class=\"elementor-element elementor-element-877013f e-con-full e-flex e-con e-child\" data-id=\"877013f\" data-element_type=\"container\" data-e-type=\"container\">\n\t\t\t\t<div class=\"elementor-element elementor-element-fe38ef5 elementor-widget elementor-widget-text-editor\" data-id=\"fe38ef5\" data-element_type=\"widget\" data-e-type=\"widget\" data-widget_type=\"text-editor.default\">\n\t\t\t\t<div class=\"elementor-widget-container\">\n\t\t\t\t\t\t\t\t\t<p><strong>O que Oferecemos:<\/strong><\/p><ul><li><strong>Pl\u00e1stico Bolha Comum e Antiest\u00e1tico:<\/strong> Prote\u00e7\u00e3o ideal para embalar e transportar diversos itens, com op\u00e7\u00f5es de prote\u00e7\u00e3o antiest\u00e1tica para materiais eletr\u00f4nicos.<\/li><li><strong>Sacos de Pl\u00e1stico Bolha Comum e Antiest\u00e1tico:<\/strong> Alternativas pr\u00e1ticas para embalar objetos de diferentes tamanhos, oferecendo seguran\u00e7a extra contra impactos.<\/li><li><strong>Bobina Manta Isomanta e Sacos de Manta Isomanta:<\/strong> Solu\u00e7\u00f5es eficientes para isolamento t\u00e9rmico e prote\u00e7\u00e3o contra umidade, adequadas para ind\u00fastrias e constru\u00e7\u00e3o civil.<\/li><li><strong>Envelopes de Seguran\u00e7a Ecol\u00f3gico e Coextrusado:<\/strong> Desenvolvidos para garantir a integridade de documentos e produtos, com op\u00e7\u00f5es sustent\u00e1veis e de alta resist\u00eancia.<\/li><li><strong>Filme Stretch, Papel Kraft e Papel\u00e3o Ondulado:<\/strong> Materiais vers\u00e1teis para embalagens seguras, protegendo produtos em diferentes processos log\u00edsticos.<\/li><li><strong>Fitas Adesivas:<\/strong> Essenciais para o fechamento e a seguran\u00e7a de embalagens, garantindo a integridade dos itens durante o transporte.<\/li><\/ul>\t\t\t\t\t\t\t\t<\/div>\n\t\t\t\t<\/div>\n\t\t\t\t<\/div>\n\t\t<div class=\"elementor-element elementor-element-89779ca e-con-full e-flex e-con e-child\" data-id=\"89779ca\" data-element_type=\"container\" data-e-type=\"container\">\n\t\t\t\t<div class=\"elementor-element elementor-element-e6f9d59 elementor-invisible elementor-widget elementor-widget-image\" data-id=\"e6f9d59\" data-element_type=\"widget\" data-e-type=\"widget\" data-settings=\"{&quot;_animation&quot;:&quot;zoomIn&quot;}\" data-widget_type=\"image.default\">\n\t\t\t\t<div class=\"elementor-widget-container\">\n\t\t\t\t\t\t\t\t\t\t\t\t\t\t\t<img fetchpriority=\"high\" decoding=\"async\" width=\"300\" height=\"169\" src=\"https:\/\/plasticobolhapromax.com.br\/wp-content\/uploads\/2024\/09\/envelopes-300x169.jpg\" class=\"attachment-medium size-medium wp-image-100\" alt=\"\" srcset=\"https:\/\/plasticobolhapromax.com.br\/wp-content\/uploads\/2024\/09\/envelopes-300x169.jpg 300w, https:\/\/plasticobolhapromax.com.br\/wp-content\/uploads\/2024\/09\/envelopes-1024x576.jpg 1024w, https:\/\/plasticobolhapromax.com.br\/wp-content\/uploads\/2024\/09\/envelopes-768x432.jpg 768w, https:\/\/plasticobolhapromax.com.br\/wp-content\/uploads\/2024\/09\/envelopes-1536x864.jpg 1536w, https:\/\/plasticobolhapromax.com.br\/wp-content\/uploads\/2024\/09\/envelopes.jpg 1600w\" sizes=\"(max-width: 300px) 100vw, 300px\" \/>\t\t\t\t\t\t\t\t\t\t\t\t\t\t\t<\/div>\n\t\t\t\t<\/div>\n\t\t\t\t<\/div>\n\t\t<div class=\"elementor-element elementor-element-ef04d33 e-con-full e-flex e-con e-child\" data-id=\"ef04d33\" data-element_type=\"container\" data-e-type=\"container\">\n\t\t\t\t<div class=\"elementor-element elementor-element-6adffb8 elementor-invisible elementor-widget elementor-widget-image\" data-id=\"6adffb8\" data-element_type=\"widget\" data-e-type=\"widget\" data-settings=\"{&quot;_animation&quot;:&quot;zoomIn&quot;}\" data-widget_type=\"image.default\">\n\t\t\t\t<div class=\"elementor-widget-container\">\n\t\t\t\t\t\t\t\t\t\t\t\t\t\t\t<img decoding=\"async\" width=\"1920\" height=\"1080\" src=\"https:\/\/plasticobolhapromax.com.br\/wp-content\/uploads\/2024\/09\/stretch-preto.jpg\" class=\"attachment-full size-full wp-image-300\" alt=\"\" srcset=\"https:\/\/plasticobolhapromax.com.br\/wp-content\/uploads\/2024\/09\/stretch-preto.jpg 1920w, https:\/\/plasticobolhapromax.com.br\/wp-content\/uploads\/2024\/09\/stretch-preto-300x169.jpg 300w, https:\/\/plasticobolhapromax.com.br\/wp-content\/uploads\/2024\/09\/stretch-preto-1024x576.jpg 1024w, https:\/\/plasticobolhapromax.com.br\/wp-content\/uploads\/2024\/09\/stretch-preto-768x432.jpg 768w, https:\/\/plasticobolhapromax.com.br\/wp-content\/uploads\/2024\/09\/stretch-preto-1536x864.jpg 1536w\" sizes=\"(max-width: 1920px) 100vw, 1920px\" \/>\t\t\t\t\t\t\t\t\t\t\t\t\t\t\t<\/div>\n\t\t\t\t<\/div>\n\t\t\t\t<\/div>\n\t\t<div class=\"elementor-element elementor-element-eefba0d e-con-full e-flex e-con e-child\" data-id=\"eefba0d\" data-element_type=\"container\" data-e-type=\"container\">\n\t\t\t\t<div class=\"elementor-element elementor-element-4f55e85 elementor-widget elementor-widget-text-editor\" data-id=\"4f55e85\" data-element_type=\"widget\" data-e-type=\"widget\" data-widget_type=\"text-editor.default\">\n\t\t\t\t<div class=\"elementor-widget-container\">\n\t\t\t\t\t\t\t\t\t<p><strong>Por que Escolher a Pl\u00e1stico Bolha Pro Max?<\/strong><br \/>Escolher a Pl\u00e1stico Bolha ProMax significa optar por qualidade e confian\u00e7a. Nossos produtos s\u00e3o elaborados para superar expectativas, com o objetivo de proteger o que \u00e9 valioso para voc\u00ea. Al\u00e9m disso, nosso compromisso com a pontualidade na entrega garante que seus prazos sejam sempre respeitados, fortalecendo a confian\u00e7a que estabelecemos em cada parceria.<\/p>\t\t\t\t\t\t\t\t<\/div>\n\t\t\t\t<\/div>\n\t\t\t\t<\/div>\n\t\t\t\t\t<\/div>\n\t\t\t\t<\/div>\n\t\t<div class=\"elementor-element elementor-element-a1888a3 e-flex e-con-boxed e-con e-parent\" data-id=\"a1888a3\" data-element_type=\"container\" data-e-type=\"container\">\n\t\t\t\t\t<div class=\"e-con-inner\">\n\t\t<div class=\"elementor-element elementor-element-d85dca5 e-con-full e-flex e-con e-child\" data-id=\"d85dca5\" data-element_type=\"container\" data-e-type=\"container\">\n\t\t\t\t<div class=\"elementor-element elementor-element-ba43a17 elementor-widget elementor-widget-n-accordion\" data-id=\"ba43a17\" data-element_type=\"widget\" data-e-type=\"widget\" data-settings=\"{&quot;default_state&quot;:&quot;expanded&quot;,&quot;max_items_expended&quot;:&quot;one&quot;,&quot;n_accordion_animation_duration&quot;:{&quot;unit&quot;:&quot;ms&quot;,&quot;size&quot;:400,&quot;sizes&quot;:[]}}\" data-widget_type=\"nested-accordion.default\">\n\t\t\t\t<div class=\"elementor-widget-container\">\n\t\t\t\t\t\t\t<div class=\"e-n-accordion\" aria-label=\"Accordion. Open links with Enter or Space, close with Escape, and navigate with Arrow Keys\">\n\t\t\t\t\t\t<details id=\"e-n-accordion-item-1950\" class=\"e-n-accordion-item\" open>\n\t\t\t\t<summary class=\"e-n-accordion-item-title\" data-accordion-index=\"1\" tabindex=\"0\" aria-expanded=\"true\" aria-controls=\"e-n-accordion-item-1950\" >\n\t\t\t\t\t<span class='e-n-accordion-item-title-header'><div class=\"e-n-accordion-item-title-text\"> Miss\u00e3o <\/div><\/span>\n\t\t\t\t\t\t\t<span class='e-n-accordion-item-title-icon'>\n\t\t\t<span class='e-opened' ><svg aria-hidden=\"true\" class=\"e-font-icon-svg e-fas-minus\" viewBox=\"0 0 448 512\" xmlns=\"http:\/\/www.w3.org\/2000\/svg\"><path d=\"M416 208H32c-17.67 0-32 14.33-32 32v32c0 17.67 14.33 32 32 32h384c17.67 0 32-14.33 32-32v-32c0-17.67-14.33-32-32-32z\"><\/path><\/svg><\/span>\n\t\t\t<span class='e-closed'><svg aria-hidden=\"true\" class=\"e-font-icon-svg e-fas-plus\" viewBox=\"0 0 448 512\" xmlns=\"http:\/\/www.w3.org\/2000\/svg\"><path d=\"M416 208H272V64c0-17.67-14.33-32-32-32h-32c-17.67 0-32 14.33-32 32v144H32c-17.67 0-32 14.33-32 32v32c0 17.67 14.33 32 32 32h144v144c0 17.67 14.33 32 32 32h32c17.67 0 32-14.33 32-32V304h144c17.67 0 32-14.33 32-32v-32c0-17.67-14.33-32-32-32z\"><\/path><\/svg><\/span>\n\t\t<\/span>\n\n\t\t\t\t\t\t<\/summary>\n\t\t\t\t<div role=\"region\" aria-labelledby=\"e-n-accordion-item-1950\" class=\"elementor-element elementor-element-20a2521 e-con-full e-flex e-con e-child\" data-id=\"20a2521\" data-element_type=\"container\" data-e-type=\"container\">\n\t\t\t\t<div class=\"elementor-element elementor-element-fc69b3e elementor-widget elementor-widget-text-editor\" data-id=\"fc69b3e\" data-element_type=\"widget\" data-e-type=\"widget\" data-widget_type=\"text-editor.default\">\n\t\t\t\t<div class=\"elementor-widget-container\">\n\t\t\t\t\t\t\t\t\t<p><strong>Nossa Miss\u00e3o:<\/strong><br \/>Proteger o que \u00e9 valioso para os nossos clientes com produtos de alta qualidade, garantindo que cada embalagem cumpra seu papel de forma eficiente e segura.<\/p>\t\t\t\t\t\t\t\t<\/div>\n\t\t\t\t<\/div>\n\t\t\t\t<\/div>\n\t\t\t\t\t<\/details>\n\t\t\t\t\t\t<details id=\"e-n-accordion-item-1951\" class=\"e-n-accordion-item\" >\n\t\t\t\t<summary class=\"e-n-accordion-item-title\" data-accordion-index=\"2\" tabindex=\"-1\" aria-expanded=\"false\" aria-controls=\"e-n-accordion-item-1951\" >\n\t\t\t\t\t<span class='e-n-accordion-item-title-header'><div class=\"e-n-accordion-item-title-text\"> Vis\u00e3o <\/div><\/span>\n\t\t\t\t\t\t\t<span class='e-n-accordion-item-title-icon'>\n\t\t\t<span class='e-opened' ><svg aria-hidden=\"true\" class=\"e-font-icon-svg e-fas-minus\" viewBox=\"0 0 448 512\" xmlns=\"http:\/\/www.w3.org\/2000\/svg\"><path d=\"M416 208H32c-17.67 0-32 14.33-32 32v32c0 17.67 14.33 32 32 32h384c17.67 0 32-14.33 32-32v-32c0-17.67-14.33-32-32-32z\"><\/path><\/svg><\/span>\n\t\t\t<span class='e-closed'><svg aria-hidden=\"true\" class=\"e-font-icon-svg e-fas-plus\" viewBox=\"0 0 448 512\" xmlns=\"http:\/\/www.w3.org\/2000\/svg\"><path d=\"M416 208H272V64c0-17.67-14.33-32-32-32h-32c-17.67 0-32 14.33-32 32v144H32c-17.67 0-32 14.33-32 32v32c0 17.67 14.33 32 32 32h144v144c0 17.67 14.33 32 32 32h32c17.67 0 32-14.33 32-32V304h144c17.67 0 32-14.33 32-32v-32c0-17.67-14.33-32-32-32z\"><\/path><\/svg><\/span>\n\t\t<\/span>\n\n\t\t\t\t\t\t<\/summary>\n\t\t\t\t<div role=\"region\" aria-labelledby=\"e-n-accordion-item-1951\" class=\"elementor-element elementor-element-1b056b0 e-con-full e-flex e-con e-child\" data-id=\"1b056b0\" data-element_type=\"container\" data-e-type=\"container\">\n\t\t\t\t<div class=\"elementor-element elementor-element-0be7958 elementor-widget elementor-widget-text-editor\" data-id=\"0be7958\" data-element_type=\"widget\" data-e-type=\"widget\" data-widget_type=\"text-editor.default\">\n\t\t\t\t<div class=\"elementor-widget-container\">\n\t\t\t\t\t\t\t\t\t<p><strong>Nossa Vis\u00e3o:<\/strong><br \/>Ser reconhecida como l\u00edder no mercado de materiais de embalagem, oferecendo produtos que n\u00e3o apenas protejam, mas que tamb\u00e9m agreguem valor ao neg\u00f3cio de nossos clientes.<\/p>\t\t\t\t\t\t\t\t<\/div>\n\t\t\t\t<\/div>\n\t\t\t\t<\/div>\n\t\t\t\t\t<\/details>\n\t\t\t\t\t\t<details id=\"e-n-accordion-item-1952\" class=\"e-n-accordion-item\" >\n\t\t\t\t<summary class=\"e-n-accordion-item-title\" data-accordion-index=\"3\" tabindex=\"-1\" aria-expanded=\"false\" aria-controls=\"e-n-accordion-item-1952\" >\n\t\t\t\t\t<span class='e-n-accordion-item-title-header'><div class=\"e-n-accordion-item-title-text\"> Valores <\/div><\/span>\n\t\t\t\t\t\t\t<span class='e-n-accordion-item-title-icon'>\n\t\t\t<span class='e-opened' ><svg aria-hidden=\"true\" class=\"e-font-icon-svg e-fas-minus\" viewBox=\"0 0 448 512\" xmlns=\"http:\/\/www.w3.org\/2000\/svg\"><path d=\"M416 208H32c-17.67 0-32 14.33-32 32v32c0 17.67 14.33 32 32 32h384c17.67 0 32-14.33 32-32v-32c0-17.67-14.33-32-32-32z\"><\/path><\/svg><\/span>\n\t\t\t<span class='e-closed'><svg aria-hidden=\"true\" class=\"e-font-icon-svg e-fas-plus\" viewBox=\"0 0 448 512\" xmlns=\"http:\/\/www.w3.org\/2000\/svg\"><path d=\"M416 208H272V64c0-17.67-14.33-32-32-32h-32c-17.67 0-32 14.33-32 32v144H32c-17.67 0-32 14.33-32 32v32c0 17.67 14.33 32 32 32h144v144c0 17.67 14.33 32 32 32h32c17.67 0 32-14.33 32-32V304h144c17.67 0 32-14.33 32-32v-32c0-17.67-14.33-32-32-32z\"><\/path><\/svg><\/span>\n\t\t<\/span>\n\n\t\t\t\t\t\t<\/summary>\n\t\t\t\t<div role=\"region\" aria-labelledby=\"e-n-accordion-item-1952\" class=\"elementor-element elementor-element-1322885 e-con-full e-flex e-con e-child\" data-id=\"1322885\" data-element_type=\"container\" data-e-type=\"container\">\n\t\t\t\t<div class=\"elementor-element elementor-element-e46b6ac elementor-widget elementor-widget-text-editor\" data-id=\"e46b6ac\" data-element_type=\"widget\" data-e-type=\"widget\" data-widget_type=\"text-editor.default\">\n\t\t\t\t<div class=\"elementor-widget-container\">\n\t\t\t\t\t\t\t\t\t<p><strong>Nossos Valores:<\/strong><\/p><ul><li><strong>Qualidade Superior:<\/strong> Utilizamos mat\u00e9rias-primas de excel\u00eancia e processos inovadores para criar produtos que atendam aos mais altos padr\u00f5es do mercado.<\/li><li><strong>Compromisso com o Cliente:<\/strong> Colocamos a satisfa\u00e7\u00e3o do cliente em primeiro lugar, oferecendo solu\u00e7\u00f5es personalizadas e suporte cont\u00ednuo.<\/li><li><strong>Entrega Pontual:<\/strong> Entendemos a import\u00e2ncia da rapidez e da efici\u00eancia, por isso, nos comprometemos a entregar nossos produtos no prazo, sempre com a mesma dedica\u00e7\u00e3o.<\/li><\/ul>\t\t\t\t\t\t\t\t<\/div>\n\t\t\t\t<\/div>\n\t\t\t\t<\/div>\n\t\t\t\t\t<\/details>\n\t\t\t\t\t<\/div>\n\t\t\t\t\t\t<\/div>\n\t\t\t\t<\/div>\n\t\t\t\t<\/div>\n\t\t<div class=\"elementor-element elementor-element-142474d e-con-full e-flex e-con e-child\" data-id=\"142474d\" data-element_type=\"container\" data-e-type=\"container\">\n\t\t<div class=\"elementor-element elementor-element-0a68d38 e-con-full e-flex e-con e-child\" data-id=\"0a68d38\" data-element_type=\"container\" data-e-type=\"container\">\n\t\t\t\t<div class=\"elementor-element elementor-element-e5042e8 elementor-widget elementor-widget-image\" data-id=\"e5042e8\" data-element_type=\"widget\" data-e-type=\"widget\" data-widget_type=\"image.default\">\n\t\t\t\t<div class=\"elementor-widget-container\">\n\t\t\t\t\t\t\t\t\t\t\t\t\t\t\t<img decoding=\"async\" width=\"800\" height=\"450\" src=\"https:\/\/plasticobolhapromax.com.br\/wp-content\/uploads\/2024\/09\/papel-kraft-1024x576.jpg\" class=\"attachment-large size-large wp-image-565\" alt=\"\" srcset=\"https:\/\/plasticobolhapromax.com.br\/wp-content\/uploads\/2024\/09\/papel-kraft-1024x576.jpg 1024w, https:\/\/plasticobolhapromax.com.br\/wp-content\/uploads\/2024\/09\/papel-kraft-300x169.jpg 300w, https:\/\/plasticobolhapromax.com.br\/wp-content\/uploads\/2024\/09\/papel-kraft-768x432.jpg 768w, https:\/\/plasticobolhapromax.com.br\/wp-content\/uploads\/2024\/09\/papel-kraft-1536x864.jpg 1536w, https:\/\/plasticobolhapromax.com.br\/wp-content\/uploads\/2024\/09\/papel-kraft.jpg 1920w\" sizes=\"(max-width: 800px) 100vw, 800px\" \/>\t\t\t\t\t\t\t\t\t\t\t\t\t\t\t<\/div>\n\t\t\t\t<\/div>\n\t\t\t\t<\/div>\n\t\t<div class=\"elementor-element elementor-element-d130ed9 e-con-full e-flex e-con e-child\" data-id=\"d130ed9\" data-element_type=\"container\" data-e-type=\"container\">\n\t\t\t\t<\/div>\n\t\t\t\t<\/div>\n\t\t\t\t\t<\/div>\n\t\t\t\t<\/div>\n\t\t<div class=\"elementor-element elementor-element-fe2c642 e-flex e-con-boxed e-con e-parent\" data-id=\"fe2c642\" data-element_type=\"container\" data-e-type=\"container\">\n\t\t\t\t\t<div class=\"e-con-inner\">\n\t\t\t\t<div class=\"elementor-element elementor-element-27fd31c elementor-absolute elementor-widget elementor-widget-html\" data-id=\"27fd31c\" data-element_type=\"widget\" data-e-type=\"widget\" data-settings=\"{&quot;_position&quot;:&quot;absolute&quot;}\" data-widget_type=\"html.default\">\n\t\t\t\t<div class=\"elementor-widget-container\">\n\t\t\t\t\t<a href=\"https:\/\/api.whatsapp.com\/send?phone=5511994809530&text=Ol\u00e1, tenho d\u00favida sobre os produtos da Pro Max\"\n    target=\"_blank\"\n    style=\"position:fixed;bottom:100px;right:30px;\">\n    <svg enable-background=\"new 0 0 512 512\" width=\"50\" height=\"50\" version=\"1.1\" viewBox=\"0 0 512 512\" xml:space=\"preserve\" xmlns=\"http:\/\/www.w3.org\/2000\/svg\"><path d=\"M256.064,0h-0.128l0,0C114.784,0,0,114.816,0,256c0,56,18.048,107.904,48.736,150.048l-31.904,95.104  l98.4-31.456C155.712,496.512,204,512,256.064,512C397.216,512,512,397.152,512,256S397.216,0,256.064,0z\" fill=\"#4CAF50\"\/><path d=\"m405.02 361.5c-6.176 17.44-30.688 31.904-50.24 36.128-13.376 2.848-30.848 5.12-89.664-19.264-75.232-31.168-123.68-107.62-127.46-112.58-3.616-4.96-30.4-40.48-30.4-77.216s18.656-54.624 26.176-62.304c6.176-6.304 16.384-9.184 26.176-9.184 3.168 0 6.016 0.16 8.576 0.288 7.52 0.32 11.296 0.768 16.256 12.64 6.176 14.88 21.216 51.616 23.008 55.392 1.824 3.776 3.648 8.896 1.088 13.856-2.4 5.12-4.512 7.392-8.288 11.744s-7.36 7.68-11.136 12.352c-3.456 4.064-7.36 8.416-3.008 15.936 4.352 7.36 19.392 31.904 41.536 51.616 28.576 25.44 51.744 33.568 60.032 37.024 6.176 2.56 13.536 1.952 18.048-2.848 5.728-6.176 12.8-16.416 20-26.496 5.12-7.232 11.584-8.128 18.368-5.568 6.912 2.4 43.488 20.48 51.008 24.224 7.52 3.776 12.48 5.568 14.304 8.736 1.792 3.168 1.792 18.048-4.384 35.52z\" fill=\"#FAFAFA\"\/><\/svg>\n<\/a>\t\t\t\t<\/div>\n\t\t\t\t<\/div>\n\t\t\t\t\t<\/div>\n\t\t\t\t<\/div>\n\t\t\t\t<\/div>\n\t\t","protected":false},"excerpt":{"rendered":"<p>Sobre N\u00f3s Pl\u00e1stico Bolha Pro Max A Pl\u00e1stico Bolha Pro Max \u00e9 uma refer\u00eancia no mercado de materiais de embalagem, especializada na fabrica\u00e7\u00e3o e distribui\u00e7\u00e3o de produtos de alta qualidade, como envelopes de seguran\u00e7a e bobinas de pl\u00e1stico bolha. Desde o in\u00edcio, nos dedicamos a garantir que cada produto entregue por nossos clientes chegue ao [&hellip;]<\/p>\n","protected":false},"author":1,"featured_media":0,"parent":0,"menu_order":0,"comment_status":"closed","ping_status":"closed","template":"elementor_header_footer","meta":{"footnotes":""},"class_list":["post-207","page","type-page","status-publish","hentry"],"_links":{"self":[{"href":"http:\/\/plasticobolhapromax.com.br\/index.php?rest_route=\/wp\/v2\/pages\/207","targetHints":{"allow":["GET"]}}],"collection":[{"href":"http:\/\/plasticobolhapromax.com.br\/index.php?rest_route=\/wp\/v2\/pages"}],"about":[{"href":"http:\/\/plasticobolhapromax.com.br\/index.php?rest_route=\/wp\/v2\/types\/page"}],"author":[{"embeddable":true,"href":"http:\/\/plasticobolhapromax.com.br\/index.php?rest_route=\/wp\/v2\/users\/1"}],"replies":[{"embeddable":true,"href":"http:\/\/plasticobolhapromax.com.br\/index.php?rest_route=%2Fwp%2Fv2%2Fcomments&post=207"}],"version-history":[{"count":81,"href":"http:\/\/plasticobolhapromax.com.br\/index.php?rest_route=\/wp\/v2\/pages\/207\/revisions"}],"predecessor-version":[{"id":622,"href":"http:\/\/plasticobolhapromax.com.br\/index.php?rest_route=\/wp\/v2\/pages\/207\/revisions\/622"}],"wp:attachment":[{"href":"http:\/\/plasticobolhapromax.com.br\/index.php?rest_route=%2Fwp%2Fv2%2Fmedia&parent=207"}],"curies":[{"name":"wp","href":"https:\/\/api.w.org\/{rel}","templated":true}]}}